{"id":15,"date":"2019-05-07T16:19:32","date_gmt":"2019-05-07T14:19:32","guid":{"rendered":"https:\/\/www.lamsade.dauphine.fr\/wp\/iasd\/?page_id=15"},"modified":"2026-02-23T11:05:48","modified_gmt":"2026-02-23T10:05:48","slug":"candidatures","status":"publish","type":"page","link":"https:\/\/www.masteriasd.eu\/fr\/candidatures\/","title":{"rendered":"Candidater"},"content":{"rendered":"<p>Le master IASD est une formation de niveau M2 qui s\u2019adresse aux \u00e9tudiants qui se destinent \u00e0 des carri\u00e8res de recherche et de d\u00e9veloppement dans le domaine de l\u2019intelligence artificielle et des sciences des donn\u00e9es. Le Master recrute parmi les meilleurs \u00e9tudiants ayant valid\u00e9 une premi\u00e8re ann\u00e9e de master en informatique ou en math\u00e9matiques. Le Master recrute \u00e9galement les \u00e9tudiants en derni\u00e8re ann\u00e9e d\u2019\u00e9cole d\u2019ing\u00e9nieur (ou ayant d\u00e9j\u00e0 obtenu un dipl\u00f4me d\u2019ing\u00e9nieur) en lien avec les th\u00e9matiques du Master. Il s&rsquo;agit d&rsquo;un master international, les cours sont tous dispens\u00e9s en anglais et une bonne pratique de la langue anglaise est indispensable.<\/p>\n<p><strong>Dates 2026-2027:<\/p>\n<ul>\n<li> Ouverture de la campagne de recrutement 2026-2027 le 27 mars 2026 (le site sera mis \u00e0 jour avec le programme 2026-2027 \u00e0 cette date)<\/li>\n<li>Date limite de candidature (premi\u00e8re session): 8 juin 2026<\/li>\n<li>date limite seconde session (candidatures compl\u00e9mentaires): 24 ao\u00fbt 2026<\/li>\n<\/ul>\n<p><\/strong><\/p>\n<h3>Proc\u00e9dure de s\u00e9lection<\/h3>\n<p>L&rsquo;admission au master IASD est tr\u00e8s s\u00e9lective. Une s\u00e9lection sera effectu\u00e9e pour retenir les meilleurs dossiers, dans la limite du nombre de places disponibles (quatre vingt dix).<\/p>\n<p><!-- <strong>Date limite pour le d\u00e9p\u00f4t des dossiers : 9 juin 2025<\/strong> --><\/p>\n<p><!-- Une seconde session de recrutement est \u00e9galement organis\u00e9e avec date limite le 25 ao\u00fbt 2025, les \u00e9tudiants int\u00e9ress\u00e9s sont fortement encourag\u00e9s \u00e0 candidater d\u00e8s la premi\u00e8re session, car il est possible que toutes les places y soient pourvues. --><\/p>\n<p>Il est possible de candidater simultan\u00e9ment au deux parcours, IASD &#8211; Informatique et IASD &#8211; Math\u00e9matiques, en indiquant une pr\u00e9f\u00e9rence qui doit \u00e9galement tenir compte du parcours de formation ant\u00e9rieur. Dans ce cas, la d\u00e9cision d&rsquo;admission dans l&rsquo;un ou l&rsquo;autre parcours est prise par le comit\u00e9 de s\u00e9lection.<\/p>\n<p><strong>Pour candidater, d\u00e9posez votre candidature sur <a href=\"https:\/\/candidatures.dauphine.fr\/mycandidature\/front\/#!\/\">le site Mycandidature de l&rsquo;universit\u00e9 Dauphine &#8211; PSL<\/a><\/strong><\/p>\n<p>Veuillez \u00e9galement consulter les informations g\u00e9n\u00e9rales sur les deux parcours <a href=\"https:\/\/dauphine.psl.eu\/en\/training\/masters-degrees\/computer-science\/m2-artificial-intelligence-systems-data\/\">IASD &#8211; Informatique<\/a> et <a href=\"https:\/\/dauphine.psl.eu\/en\/training\/masters-degrees\/mathematics-and-applied-mathematics\/masters-year-2-artificial-intelligence-systems-data\/\">IASD &#8211; Math\u00e9matiques<\/a> ainsi que sur les <a href=\"https:\/\/dauphine.psl.eu\/formations\/masters\/candidatures-et-procedures-d-admissions\">proc\u00e9dures d&rsquo;admission<\/a> sur le site de l&rsquo;universit\u00e9 Dauphine &#8211; PSL.<\/p>\n<p>Les \u00e9tudiants internationaux doivent imp\u00e9rativement d\u00e9poser leur candidature en parall\u00e8le sur le site <a href=\"https:\/\/pastel.diplomatie.gouv.fr\/etudesenfrance\/dyn\/public\/authentification\/login.html?codeLangue=FR\">\u00c9tude en France<\/a> (en plus de leur candidature sur Mycandidature).<\/p>\n<h3>Questions fr\u00e9quemment pos\u00e9es<\/h3>\n<dl>\n<dt>Y a-t-il des exigences linguistiques pour le master ?<\/dt>\n<dd>Non, mais tous les cours sont dispens\u00e9s en anglais, donc une ma\u00eetrise de l&rsquo;anglais en tant que langue de travail est n\u00e9cessaire.<\/dd>\n<dt>Comment puis-je postuler pour une bourse ?<\/dt>\n<dd>Veuillez vous r\u00e9f\u00e9rer \u00e0 la <a href=\"https:\/\/www.masteriasd.eu\/fr\/bourse-prairie\/\">page d\u00e9di\u00e9e<\/a>.<\/dd>\n<dt>J&rsquo;ai d\u00e9j\u00e0 un dipl\u00f4me de master obtenu en France, puis-je candidater ?<\/p>\n<dt>\n<dd>Vous pouvez, mais votre dossier ne sera pas prioritaire, en particulier si vous avez obtenu r\u00e9cemment un dipl\u00f4me de master sur une th\u00e9matique proche (IA, sciences des donn\u00e9es, informatique d\u00e9cisionnelle, etc.).<\/dd>\n<dt>Puis-je obtenir un accompagnement individuel pour ma candidature ?<\/dt>\n<dd>\n<p>D\u00e9sol\u00e9, mais nous recevons trop de demandes de ce type et il n&rsquo;est pas possible de fournir un retour individuel sur les candidatures. De plus, l&rsquo;admission est un processus comp\u00e9titif (avec un taux d&rsquo;admission d&rsquo;environ 20 %) qui ne peut \u00eatre pr\u00e9dit uniquement sur la base des candidatures individuelles.<\/p>\n<p>Si vous \u00eates int\u00e9ress\u00e9 par le programme et que vous remplissez les conditions d&rsquo;un niveau valid\u00e9 \u00e9quivalent \u00e0 une premi\u00e8re ann\u00e9e de master en informatique ou en math\u00e9matiques, nous vous recommandons de postuler.<\/dd>\n<dt>Puis-je suivre le master IASD en parall\u00e8le d&rsquo;un autre dipl\u00f4me ?<\/dt>\n<dd>Le programme de master IASD est assez intensif (avec environ 300 heures d&rsquo;enseignement en pr\u00e9sentiel et douze cours \u00e0 valider) avec une flexibilit\u00e9 minimale. Il n&rsquo;est pas raisonnable de postuler au master IASD si vous avez des contraintes fortes li\u00e9es \u00e0 un autre programme externe. Mines Paris &#8211; PSL est actuellement le seul \u00e9tablissement avec lequel nous avons un accord de double dipl\u00f4me.<\/dd>\n<dt>Puis-je suivre le master IASD en tant que professionnel ?<\/dt>\n<dd>Le master IASD est un programme de formation initiale dont tous les \u00e9tudiants sont inscrits sous statut \u00e9tudiant par l&rsquo;Universit\u00e9 Paris Dauphine &#8211; PSL pendant l&rsquo;ann\u00e9e de formation.<\/dd>\n<dt>Puis-je suivre le master IASD en apprentissage ?<\/dt>\n<dd>Le master IASD est un programme de formation initiale mais il existe une <a href=\"https:\/\/www.masteriasd.eu\/fr\/iasd-en-apprentissage\/\">formation en alternance distincte associ\u00e9e au parcours IASD &#8211; Informatique.<\/a><\/dd>\n<\/dl>\n<p><\/p>","protected":false},"excerpt":{"rendered":"<p>Le master IASD est une formation de niveau M2 qui s\u2019adresse aux \u00e9tudiants qui se destinent \u00e0 des carri\u00e8res de recherche et de d\u00e9veloppement dans le domaine de l\u2019intelligence artificielle et des sciences des donn\u00e9es. Le Master recrute parmi les meilleurs \u00e9tudiants ayant valid\u00e9 une premi\u00e8re ann\u00e9e de master en [&hellip;]<\/p>\n","protected":false},"author":1,"featured_media":0,"parent":0,"menu_order":0,"comment_status":"closed","ping_status":"closed","template":"","meta":{"footnotes":""},"class_list":["post-15","page","type-page","status-publish","hentry"],"_links":{"self":[{"href":"https:\/\/www.masteriasd.eu\/fr\/wp-json\/wp\/v2\/pages\/15","targetHints":{"allow":["GET"]}}],"collection":[{"href":"https:\/\/www.masteriasd.eu\/fr\/wp-json\/wp\/v2\/pages"}],"about":[{"href":"https:\/\/www.masteriasd.eu\/fr\/wp-json\/wp\/v2\/types\/page"}],"author":[{"embeddable":true,"href":"https:\/\/www.masteriasd.eu\/fr\/wp-json\/wp\/v2\/users\/1"}],"replies":[{"embeddable":true,"href":"https:\/\/www.masteriasd.eu\/fr\/wp-json\/wp\/v2\/comments?post=15"}],"version-history":[{"count":35,"href":"https:\/\/www.masteriasd.eu\/fr\/wp-json\/wp\/v2\/pages\/15\/revisions"}],"predecessor-version":[{"id":1271,"href":"https:\/\/www.masteriasd.eu\/fr\/wp-json\/wp\/v2\/pages\/15\/revisions\/1271"}],"wp:attachment":[{"href":"https:\/\/www.masteriasd.eu\/fr\/wp-json\/wp\/v2\/media?parent=15"}],"curies":[{"name":"wp","href":"https:\/\/api.w.org\/{rel}","templated":true}]}}