{"id":459,"date":"2019-05-28T15:17:44","date_gmt":"2019-05-28T13:17:44","guid":{"rendered":"https:\/\/www.lamsade.dauphine.fr\/wp\/iasd\/?page_id=459"},"modified":"2026-02-23T10:54:24","modified_gmt":"2026-02-23T09:54:24","slug":"iasd-en-apprentissage","status":"publish","type":"page","link":"https:\/\/www.masteriasd.eu\/fr\/iasd-en-apprentissage\/","title":{"rendered":"IASD en apprentissage"},"content":{"rendered":"<p>Le master IASD Informatique existe \u00e9galement en formation par alternance, avec un programme et des modalit\u00e9s distinctes.<\/p>\n<p>Plus d&rsquo;information sur la formation par alternance <a href=\"https:\/\/dauphine.psl.eu\/formations\/masters\/informatique\/2e-annee-de-master-intelligence-artificielle-systemes-donnees-en-apprentissage\">sur le site de l&rsquo;Universit\u00e9 Paris dauphine PSL<\/a>.<\/p>","protected":false},"excerpt":{"rendered":"<p>Le master IASD Informatique existe \u00e9galement en formation par alternance, avec un programme et des modalit\u00e9s distinctes. Plus d&rsquo;information sur la formation par alternance sur le site de l&rsquo;Universit\u00e9 Paris dauphine PSL.<\/p>\n","protected":false},"author":1,"featured_media":0,"parent":0,"menu_order":0,"comment_status":"closed","ping_status":"closed","template":"","meta":{"footnotes":""},"class_list":["post-459","page","type-page","status-publish","hentry"],"_links":{"self":[{"href":"https:\/\/www.masteriasd.eu\/fr\/wp-json\/wp\/v2\/pages\/459","targetHints":{"allow":["GET"]}}],"collection":[{"href":"https:\/\/www.masteriasd.eu\/fr\/wp-json\/wp\/v2\/pages"}],"about":[{"href":"https:\/\/www.masteriasd.eu\/fr\/wp-json\/wp\/v2\/types\/page"}],"author":[{"embeddable":true,"href":"https:\/\/www.masteriasd.eu\/fr\/wp-json\/wp\/v2\/users\/1"}],"replies":[{"embeddable":true,"href":"https:\/\/www.masteriasd.eu\/fr\/wp-json\/wp\/v2\/comments?post=459"}],"version-history":[{"count":8,"href":"https:\/\/www.masteriasd.eu\/fr\/wp-json\/wp\/v2\/pages\/459\/revisions"}],"predecessor-version":[{"id":1269,"href":"https:\/\/www.masteriasd.eu\/fr\/wp-json\/wp\/v2\/pages\/459\/revisions\/1269"}],"wp:attachment":[{"href":"https:\/\/www.masteriasd.eu\/fr\/wp-json\/wp\/v2\/media?parent=459"}],"curies":[{"name":"wp","href":"https:\/\/api.w.org\/{rel}","templated":true}]}}