{"id":53,"date":"2019-05-11T20:18:51","date_gmt":"2019-05-11T18:18:51","guid":{"rendered":"https:\/\/www.lamsade.dauphine.fr\/wp\/iasd\/?page_id=53"},"modified":"2026-02-23T10:52:30","modified_gmt":"2026-02-23T09:52:30","slug":"home","status":"publish","type":"page","link":"https:\/\/www.masteriasd.eu\/fr\/","title":{"rendered":"Pr\u00e9sentation"},"content":{"rendered":"<p><\/p>\n<h3 id=\"objectives\">Objectifs<\/h3>\n<p>Le master IASD est un programme de formation de <a href=\"https:\/\/psl.eu\/\">l&rsquo;Universit\u00e9 PSL<\/a>, port\u00e9 par ses composantes <a href=\"https:\/\/dauphine.psl.eu\/\">Universit\u00e9 Paris Dauphine<\/a>, <a href=\"https:\/\/www.ens.psl.eu\/\">\u00c9cole normale sup\u00e9rieure<\/a> et <a href=\"https:\/\/www.minesparis.psl.eu\/\">\u00c9cole des Mines de Paris<\/a>. Le master IASD pr\u00e9sente un cursus complet de niveau M2 destin\u00e9 \u00e0 former des \u00e9tudiants disposant de solides connaissances th\u00e9oriques ainsi que d&rsquo;une bonne exp\u00e9rience pratique, \u00e0 l&rsquo;\u00e9tat de l&rsquo;art en intelligence artificielle et en sciences des donn\u00e9es. Adoss\u00e9 aux laboratoires de recherche de l&rsquo;Universit\u00e9 PSL et \u00e0 la <a href=\"https:\/\/prairie-institute.fr\/\">PR[AI]RIE-PSAI Paris School of AI<\/a>, le master IASD est une formation d&rsquo;excellence ouvrant vers des carri\u00e8res de recherche et d\u00e9veloppement dans des laboratoires de recherche publics ou priv\u00e9s ou des entreprises innovantes.<\/p>\n<p>Le master comporte deux parcours distincts, <strong>IASD &#8211; Informatique<\/strong> et <strong>IASD &#8211; Math\u00e9matiques<\/strong>, qui partagent la majorit\u00e9 des cours mais se distinguent par des cours de tronc commun sp\u00e9cifiques \u00e0 chaque parcours. Les deux parcours conduisent \u00e0 des dipl\u00f4mes de master dans les mentions, respectivement, <em>Informatique<\/em> et <em>Math\u00e9matiques et applications<\/em>. Le parcours IASD &#8211; Math\u00e9matiques correspond au programme du master d\u00e9nomm\u00e9 MASH jusqu&rsquo;en 2024-2025.<\/p>\n<p>Le Master recrute de fa\u00e7on s\u00e9lective des \u00e9tudiants ayant valid\u00e9 une premi\u00e8re ann\u00e9e de master en informatique ou en math\u00e9matiques ainsi que des \u00e9tudiants en derni\u00e8re ann\u00e9e d\u2019\u00e9cole d\u2019ing\u00e9nieur (ou ayant obtenu un dipl\u00f4me d\u2019ing\u00e9nieur) et \u00e9galement des \u00e9tudiants issus de parcours internationaux comparables.<\/p>\n<p>Tous les cours sont donn\u00e9s en anglais en pr\u00e9sentiel dans le 5\u00e8me arrondissement de Paris et le nombre d&rsquo;\u00e9tudiants est limit\u00e9 \u00e0 quatre vingt dix.<\/p>\n<h3>Programme<\/h3>\n<p>Le Master IASD se compose d\u2019un semestre de tronc commun sur les disciplines fondamentales de l&rsquo;IA (de septembre \u00e0 d\u00e9cembre; 7 cours obligatoires, soit 168h de formation &#8211; 28 ETCS) suivi d\u2019un semestre d&rsquo;options (de janvier \u00e0 mars; 6 cours optionnel, 140h de formation &#8211; 22 ECTS) et d&rsquo;un stage de recherche (d\u2019avril \u00e0 septembre; 10 ETCS) effectu\u00e9 dans un laboratoire acad\u00e9mique ou une entreprise. Le tronc commun comporte sept cours obligatoires tandis que le second semestre permet d&rsquo;approfondir six mati\u00e8res \u00e0 choisir parmi une vingtaine d&rsquo;options, dont une semaine intensive PSL rattach\u00e9e au <a href=\"https:\/\/psl.eu\/programmes-gradues\/programme-data\">programme transverse DATA<\/a>. Des cours optionnels de remise \u00e0 niveau sur les fondements probabilistes et la programmation sont propos\u00e9s avant le d\u00e9but des cours de tronc commun au d\u00e9but du mois de septembre.<\/p>\n<p>Les parcours Informatique et Math\u00e9matiques partagent quatre cours communs au premier semestre et se distinguent par trois cours qui sont sp\u00e9cifiques \u00e0 chaque parcours. Les cours sp\u00e9cifiques d&rsquo;un parcours peuvent \u00e9ventuellement \u00eatre choisis comme option dans l&rsquo;autre parcours, dans la limite de deux options, au maximum, suivies au premier semestre.<\/p>\n<p>&nbsp;<\/p>\n<p><strong><a href=\"https:\/\/www.masteriasd.eu\/fr\/programme\/\">En savoir plus sur le programme<\/a><\/strong><\/p>\n<h3>Gouvernance<\/h3>\n<h4>Comit\u00e9 de direction<\/h4>\n<p><a href=\"https:\/\/www.di.ens.fr\/olivier.cappe\/\">Olivier Capp\u00e9<\/a> (CNRS, DI ENS) \u2014 Directeur (Informatique)<br \/>\n<a href=\"https:\/\/www.ceremade.dauphine.fr\/~xian\/\">Christian P. Robert<\/a> (Dauphine &#8211; PSL, CEREMADE) \u2014 Directeur (Math\u00e9matiques)<br \/>\n<a href=\"https:\/\/www.lamsade.dauphine.fr\/~croyer\/\">Cl\u00e9ment Royer<\/a> (Dauphine &#8211; PSL, LAMSADE) \u2014 Directeur adjoint (Informatique)<br \/>\n<a href=\"hhttps:\/\/www.ceremade.dauphine.fr\/~rousseau\/t\">Judith Rousseau<\/a> (Dauphine &#8211; PSL, CEREMADE) \u2014 Directrice adjointe (Math\u00e9matiques)<\/p>\n<h4>Conseil p\u00e9dagogique<\/h4>\n<p><a href=\"http:\/\/pierre.senellart.com\/\">Pierre Senellart<\/a> (ENS &#8211; PSL, DI ENS)<br \/>\n<a href=\"https:\/\/people.cmm.minesparis.psl.eu\/users\/decencie\/\">Etienne Decenci\u00e8re<\/a> (Mines Paris &#8211; PSL, CMM)<br \/>\n<a href=\"https:\/\/allauzen.github.io\/\">Alexandre Allauzen<\/a> (ESPCI Paris &#8211; PSL, LAMSADE)<br \/>\n<a href=\"https:\/\/www.di.ens.fr\/~fbach\/\">Francis Bach<\/a> (Inria, DI ENS)<br \/>\n<a href=\"http:\/\/www.gpeyre.com\/\">Gabriel Peyr\u00e9<\/a> (CNRS, DMA)<\/p>\n<h4>Contact<\/h4>\n<p><a href=\"mailto:PSAI-master2IASD@dauphine.psl.eu\">PSAI-master2IASD@dauphine.psl.eu<\/a><\/p>\n<p>&nbsp;<\/p>\n<p><a class=\"btn-success\" href=\"https:\/\/www.masteriasd.eu\/wp\/iasd\/candidatures\/\">Candidater<\/a><\/p>","protected":false},"excerpt":{"rendered":"<p>Objectifs Le master IASD est un programme de formation de l&rsquo;Universit\u00e9 PSL, port\u00e9 par ses composantes Universit\u00e9 Paris Dauphine, \u00c9cole normale sup\u00e9rieure et \u00c9cole des Mines de Paris. Le master IASD pr\u00e9sente un cursus complet de niveau M2 destin\u00e9 \u00e0 former des \u00e9tudiants disposant de solides connaissances th\u00e9oriques ainsi que [&hellip;]<\/p>\n","protected":false},"author":1,"featured_media":0,"parent":0,"menu_order":0,"comment_status":"closed","ping_status":"closed","template":"","meta":{"footnotes":""},"class_list":["post-53","page","type-page","status-publish","hentry"],"_links":{"self":[{"href":"https:\/\/www.masteriasd.eu\/fr\/wp-json\/wp\/v2\/pages\/53","targetHints":{"allow":["GET"]}}],"collection":[{"href":"https:\/\/www.masteriasd.eu\/fr\/wp-json\/wp\/v2\/pages"}],"about":[{"href":"https:\/\/www.masteriasd.eu\/fr\/wp-json\/wp\/v2\/types\/page"}],"author":[{"embeddable":true,"href":"https:\/\/www.masteriasd.eu\/fr\/wp-json\/wp\/v2\/users\/1"}],"replies":[{"embeddable":true,"href":"https:\/\/www.masteriasd.eu\/fr\/wp-json\/wp\/v2\/comments?post=53"}],"version-history":[{"count":53,"href":"https:\/\/www.masteriasd.eu\/fr\/wp-json\/wp\/v2\/pages\/53\/revisions"}],"predecessor-version":[{"id":1268,"href":"https:\/\/www.masteriasd.eu\/fr\/wp-json\/wp\/v2\/pages\/53\/revisions\/1268"}],"wp:attachment":[{"href":"https:\/\/www.masteriasd.eu\/fr\/wp-json\/wp\/v2\/media?parent=53"}],"curies":[{"name":"wp","href":"https:\/\/api.w.org\/{rel}","templated":true}]}}